{"id":1410,"date":"2024-01-11T08:39:45","date_gmt":"2024-01-10T23:39:45","guid":{"rendered":"https:\/\/skimama.jp\/magazine\/?page_id=1410"},"modified":"2024-02-15T14:36:36","modified_gmt":"2024-02-15T05:36:36","slug":"koushiki-5days-course-writer","status":"publish","type":"page","link":"https:\/\/skimama.jp\/magazine\/koushiki-5days-course-writer\/","title":{"rendered":"Web\u30e9\u30a4\u30bf\u30fc5\u65e5\u9593\u8b1b\u5ea7"},"content":{"rendered":"<p style=\"text-align: center;\"><span style=\"font-size: 12pt; color: #333300;\"><strong><span style=\"text-decoration: underline;\"><span style=\"color: #ff9900; text-decoration: underline;\"><span style=\"color: #008000; text-decoration: underline;\">&#x26a0;&#xfe0f;\u9ad8\u5358\u4fa1Web\u30e9\u30a4\u30bf\u30fc\u3078\u306e\u9053\u304c\u308f\u304b\u308b<br \/>\n<\/span><\/span><\/span><\/strong><\/span><span style=\"color: #008000;\"><span style=\"font-size: 12pt;\"><strong><span style=\"text-decoration: underline;\">\u7121\u6599\u8b1b\u5ea7\u304c\u3001\u4eca\u306a\u3089LINE\u767b\u9332\u3067<\/span><\/strong><\/span><span style=\"font-size: 14pt;\"><strong><span style=\"text-decoration: underline;\"><span style=\"font-size: 12pt;\"><b><span style=\"color: #cc0000;\">\u201d\u7121\u6599\u201d<\/span><\/b>\u306b\uff01<\/span><\/span><\/strong><\/span><\/span><\/p>\n<p><strong><img loading=\"lazy\" decoding=\"async\" class=\"alignnone size-full wp-image-10706\" src=\"https:\/\/growth-value.co.jp\/magazine\/wp-content\/uploads\/2022\/09\/Canva\u3066\u3099\u7de8\u96c6\u6e08\u306e\u753b\u50cf-600-\u00d7-400-px-600-\u00d7-296-px-600-\u00d7-250-px-17.png\" alt=\"5\u65e5\u9593\u8b1b\u5ea7_\u53d7\u3051\u53d6\u308a\u65b9\" width=\"1500\" height=\"625\" \/><\/strong><\/p>\n<p style=\"text-align: center;\"><strong><div class=\"wp-block-button btn-wrap aligncenter lightning big bg-yellow\"><\/strong><\/p>\n<p style=\"text-align: center;\"><strong>\uff3c\u53d7\u8b1b\u80054,000\u540d\u8d85\uff0f<br \/>\n<\/strong><strong><a href=\"https:\/\/liff.line.me\/1655216715-NBoEr7LJ\/landing?follow=%40kcs4330n&amp;lp=dgtOr2&amp;liff_id=1655216715-NBoEr7LJ\"class=\"wp-block-button__link\" >Web\u30e9\u30a4\u30bf\u30fc5\u65e5\u9593\u8b1b\u5ea7\u3092<br \/>\n\u4eca\u3059\u3050\u7121\u6599\u3067\u53d7\u3051\u53d6\u308b<\/a><br \/>\n<\/strong><\/p>\n<p style=\"text-align: center;\"><strong><span style=\"font-size: 10pt;\"><b><span style=\"color: #cc0000;\">\u203b\u7121\u6599\u3067LINE\u304b\u3089\u304a\u53d7\u3051\u53d6\u308a\u3067\u304d\u307e\u3059<\/span><\/b><\/span><br \/>\n<\/div><\/strong><\/p>\n<h2><b>3\u30f6\u6708\u3067\u6708\u53ce5\u4e07\u5186\u304c\u76ee\u6307\u305b\u308b\uff01\u300c\u672c\u683c\u30e9\u30a4\u30bf\u30fc\u8b1b\u5ea7\u300d\u3092\u4f5c\u308a\u307e\u3057\u305f<\/b><\/h2>\n<p>\u672c\u8b1b\u5ea7\u306f\u3001<b>\u3053\u308c\u307e\u3067\u300c\u591a\u6570\u306e\u9ad8\u5358\u4fa1Web\u30e9\u30a4\u30bf\u30fc\u300d\u3092\u8f29\u51fa\u3057\u3066\u304d\u305f\u3001<\/b><\/p>\n<p><a href=\"https:\/\/writing.with-marke.com\/?cid=koushiki-5days-course-writer\"><b>With\u30de\u30fc\u30b1Web\u30e9\u30a4\u30c6\u30a3\u30f3\u30b0\u30b3\u30fc\u30b9<\/b><\/a><b>\u304c\u63d0\u4f9b\u3057\u3066\u3044\u308b\u3001<\/b><b>\u300c\u7121\u6599\u3067\u5b66\u3079\u308b\u672c\u683c5\u65e5\u9593\u8b1b\u5ea7\u300d\u3067\u3059\u3002<\/b><\/p>\n<p>\u672c\u8b1b\u5ea7\u306f\u3001\u3053\u308c\u307e\u3067\u5408\u8a084,000\u540d\u306e\u65b9\u304c\u53d7\u8b1b\u3055\u308c\u3066\u304a\u308a\u300c\u30e9\u30a4\u30bf\u30fc\u3067\u7d50\u679c\u3092\u51fa\u3059\u65b9\u300d\u304c\u591a\u6570\u751f\u307e\u308c\u3066\u3044\u307e\u3059\u3002<\/p>\n<p><strong><b><span style=\"color: #cc0000;\">\u4e0b\u8a18\u30dc\u30bf\u30f3\u304b\u3089LINE\u767b\u9332\u3057\u3001\u30a2\u30f3\u30b1\u30fc\u30c8\u306b\u56de\u7b54\u3059\u308b<\/span><\/b><\/strong>\u3068\u3001<strong><span style=\"text-decoration: underline;\">\u8b1b\u5ea7\u304c\u958b\u59cb<\/span><\/strong>\u3057\u307e\u3059\u3002<\/p>\n<p style=\"text-align: center;\"><strong><div class=\"wp-block-button btn-wrap aligncenter lightning big bg-yellow\"><\/strong><\/p>\n<p style=\"text-align: center;\"><strong>\uff3c3\u30f6\u6708\u3067\u67085\u4e07\u3092\u7a3c\u3050\uff0f<br \/>\n\u9ad8\u5358\u4fa1\u30e9\u30a4\u30bf\u30fc\u306b\u306a\u308b<br \/>\n<\/strong><strong><a href=\"https:\/\/liff.line.me\/1655216715-NBoEr7LJ\/landing?follow=%40kcs4330n&amp;lp=dgtOr2&amp;liff_id=1655216715-NBoEr7LJ\"class=\"wp-block-button__link\" >\u30e9\u30a4\u30bf\u30fc5\u65e5\u9593\u8b1b\u5ea7\u3092<br \/>\n\u4eca\u3059\u3050\u53d7\u8b1b\u3059\u308b<br \/>\n<span style=\"font-size: 10pt;\">\uff08LINE\u767b\u9332\u5f8c\u306b\u958b\u59cb\uff09<\/span><\/a><\/strong><\/p>\n<p style=\"text-align: center;\"><strong><span style=\"font-size: 10pt;\"><b><span style=\"color: #cc0000;\">\u203b\u7121\u6599\u3067LINE\u304b\u3089\u304a\u53d7\u3051\u53d6\u308a\u3067\u304d\u307e\u3059<\/span><\/b><\/span><br \/>\n<\/div><\/strong><\/p>\n<h2 style=\"text-align: left;\">\u672c\u8b1b\u5ea7\u306a\u3089\u3001\u305f\u3060\u306e\u30e9\u30a4\u30bf\u30fc\u3067\u306f\u306a\u304f\u3001\u9ad8\u5358\u4fa1\u30e9\u30a4\u30bf\u30fc\u304c\u76ee\u6307\u305b\u308b<\/h2>\n<p>\u30e9\u30a4\u30bf\u30fc\u3068\u3044\u3046\u50cd\u304d\u65b9\u306f<\/p>\n<p>\u300c\u5728\u5b85\u3067\u3067\u304d\u308b\u300d<\/p>\n<p>\u300c\u672a\u7d4c\u9a13\u304b\u3089\u3067\u30821\u5e74\u4ee5\u5185\u306b\u30d5\u30ea\u30fc\u30e9\u30f3\u30b9\u3092\u76ee\u6307\u305b\u308b\u300d\u306a\u3069\u306e\u7406\u7531\u3067\u3001<\/p>\n<p>\u526f\u696d\u3068\u3057\u3066\u3082\u5927\u4eba\u6c17\u3067\u3059\u3002<\/p>\n<p>\u300c\u526f\u696d\u300d\u300c\u500b\u4eba\u3067\u7a3c\u3050\u300d\u3068\u805e\u304f\u3068\u3001\u30cf\u30fc\u30c9\u30eb\u304c\u9ad8\u304f\u805e\u3053\u3048\u307e\u3059\u304c\u3001Web\u30e9\u30a4\u30bf\u30fc\u3067\u3042\u308c\u3070\u3001\u7279\u5225\u306a\u8cc7\u683c\u3084\u30b9\u30ad\u30eb\u304c\u306a\u304f\u3066\u3082\u3001\u8ab0\u3082\u304c\u53d6\u308a\u7d44\u3081\u307e\u3059\u3002<\/p>\n<p>\u306a\u305c\u306a\u3089\u3001Web\u30e9\u30a4\u30bf\u30fc\u306b\u306f\u3053\u3093\u306a2\u3064\u306e\u5f37\u307f\u304c\u3042\u308b\u304b\u3089\u3067\u3059\u3002<\/p>\n<div class=\"cbox intitle is-style-black_box type_ttl\"><div class=\"box_title\"><span class=\"span__box_title\">Web\u30e9\u30a4\u30bf\u30fc\u306a\u3089\u8ab0\u3082\u304c\u7a3c\u304e\u3092\u5f97\u3089\u308c\u308b\u7406\u7531<\/span><\/div><div class=\"cboxcomment\">\n<ul>\n<li>\u30ce\u30a6\u30cf\u30a6\u306f\u6c7a\u307e\u3063\u3066\u304a\u308a\u3001\u30bb\u30f3\u30b9\u3082\u4e0d\u8981\u3002\u8ab0\u3082\u304c\u3001\u9ad8\u3044\u518d\u73fe\u6027\u306e\u3082\u3068\u7a3c\u3052\u308b\u3002<\/li>\n<li>3\u30f6\u6708\u3082\u3042\u308c\u3070\u6708\u53ce5\u4e07\u5186\u306f\u5341\u5206\u72d9\u3048\u308b\u3002<\/li>\n<li>\u3055\u3089\u306b\u7d99\u7d9a\u6848\u4ef6\u304c\u591a\u304f\u3001\u5b89\u5b9a\u53ce\u5165\u5909\u3048\u3089\u308c\u308b\u3002<\/li>\n<li>\u7279\u5225\u306a\u8cc7\u683c\u3084\u30b9\u30ad\u30eb\u304c\u306a\u304f\u3066\u3082\u3001\u53d6\u308a\u7d44\u3081\u308b\u3002<\/div><\/div><\/li>\n<\/ul>\n<div class=\"voice cf l\"><figure class=\"icon\"><img loading=\"lazy\" decoding=\"async\" src=\"https:\/\/with-marke.com\/magazine\/wp-content\/uploads\/2023\/11\/\u30d7\u30ed\u30d5\u5199\u771f\u65b0-e1699667406778.jpg\" class=\"voice_icon__img\" width=\"150\" height=\"150\"><figcaption class=\"name\">\u30a4\u30b1\u30d9\u30c8\u30e2\u30d2\u30ed<\/figcaption><\/figure><div class=\"voicecomment\">\u305d\u306e\u305f\u3081\u3001Web\u306b\u758e\u3044\u65b9\u3067\u3082\u3001\u7a3c\u3050\u4e8b\u304c\u3067\u304d\u308b\u3093\u3067\u3059\u3002<\/div><\/div>\n<p style=\"text-align: center;\"><strong><div class=\"wp-block-button btn-wrap aligncenter lightning big bg-yellow\"><\/strong><\/p>\n<p style=\"text-align: center;\"><strong>\uff3c3\u30f6\u6708\u3067\u67085\u4e07\u3092\u7a3c\u3050\uff0f<br \/>\n\u9ad8\u5358\u4fa1\u30e9\u30a4\u30bf\u30fc\u306b\u306a\u308b<br \/>\n<\/strong><strong><a href=\"https:\/\/liff.line.me\/1655216715-NBoEr7LJ\/landing?follow=%40kcs4330n&amp;lp=dgtOr2&amp;liff_id=1655216715-NBoEr7LJ\"class=\"wp-block-button__link\" >\u30e9\u30a4\u30bf\u30fc5\u65e5\u9593\u8b1b\u5ea7\u3092<br \/>\n\u4eca\u3059\u3050\u53d7\u8b1b\u3059\u308b<br \/>\n<span style=\"font-size: 10pt;\">\uff08LINE\u767b\u9332\u5f8c\u306b\u958b\u59cb\uff09<\/span><\/a><\/strong><\/p>\n<p style=\"text-align: center;\"><strong><span style=\"font-size: 10pt;\"><b><span style=\"color: #cc0000;\">\u203b\u7121\u6599\u3067LINE\u304b\u3089\u304a\u53d7\u3051\u53d6\u308a\u3067\u304d\u307e\u3059<\/span><\/b><\/span><br \/>\n<\/div><\/strong><\/p>\n<h2>5\u65e5\u9593\u8b1b\u5ea7\u3067\u306f\u3001\u6700\u77ed\u3067\u9ad8\u5358\u4fa1Web\u30e9\u30a4\u30bf\u30fc\u306b\u306a\u308b\u624b\u9806\u3092\u6559\u3048\u307e\u3059<\/h2>\n<p><strong><b><span style=\"color: #cc0000;\"><br \/>\n\u3057\u304b\u3057\u3001\u30e9\u30a4\u30bf\u30fc\u306f\u300c\u4eba\u306b\u3088\u308b\u53ce\u5165\u306e\u683c\u5dee\u300d\u304c\u5b58\u5728\u3057\u307e\u3059\u3002<\/span><\/b><\/strong><\/p>\n<p><span style=\"text-decoration: underline;\"><br \/>\n\u5168\u304f\u540c\u3058\u52b4\u50cd\u91cf<\/span>\u3067\u3042\u3063\u3066\u3082\u3001<\/p>\n<p><strong>\u6708\u306b1\u4e07\u5186\u3082\u7a3c\u3052\u306a\u3044\u4eba\u3082\u3044\u308c\u3070\u3001\u6708\u306b20\u4e07\u5186\u4ee5\u4e0a\u7a3c\u3050\u4eba\u3082\u5b58\u5728\u3059\u308b\u3068\u3044\u3046\u3001\u53ce\u5165\u683c\u5dee\u304c\u3042\u308b\u306e\u3067\u3059\u3002<\/strong><\/p>\n<p>\u305d\u306e\u5dee\u306f<strong>\u300c\u9ad8\u5358\u4fa1\u6848\u4ef6\u3092\u5f97\u308b\u4e0a\u3067\u3001\u6b63\u3057\u3044\u30ce\u30a6\u30cf\u30a6\u3092\u77e5\u3063\u3066\u3044\u308b\u304b\u3001\u77e5\u3089\u306a\u3044\u304b\u300d<\/strong><\/p>\n<p>\u5177\u4f53\u7684\u306a\u30dd\u30a4\u30f3\u30c8\u306f\u8b1b\u5ea7\u3067\u304a\u4f1d\u3048\u3057\u307e\u3059\u304c\u3001<\/p>\n<p>\u30fb\u9867\u5ba2\u3078\u306e\u5229\u76ca\u8ca2\u732e\u8996\u70b9<\/p>\n<p>\u30fbSEO\u30e9\u30a4\u30c6\u30a3\u30f3\u30b0<\/p>\n<p>\u30fb\u9ad8\u5358\u4fa1\u6848\u4ef6\u306e\u53d6\u308a\u65b9<\/p>\n<p>\u306a\u3069\u3001<span style=\"text-decoration: underline;\"><strong>\u300c\u8ab0\u3067\u3082\u3067\u304d\u308b\u57fa\u790e\u7684\u306a\u7406\u8ad6\u300d\u3092\u77e5\u3063\u3066\u3044\u308b\u304b\u3001\u77e5\u3089\u306a\u3044\u304b\u3067\u3001\u5927\u304d\u306a\u5dee\u304c\u3064\u304f<\/strong><\/span>\u306e\u3067\u3059\u3002<\/p>\n<p>\u9ad8\u5ea6\u306a\u30b9\u30ad\u30eb\u3082\u6587\u7ae0\u529b\u3082\u4e0d\u8981\u3067\u3059\u3002<\/p>\n<p>\u3060\u304b\u3089\u3053\u305d\u3001\u672c\u8b1b\u5ea7\u3092\u53d7\u8b1b\u3044\u305f\u3060\u304d\u305f\u3044\u3067\u3059&#8230;\uff01<\/p>\n<div class=\"voice cf l\"><figure class=\"icon\"><img loading=\"lazy\" decoding=\"async\" src=\"https:\/\/with-marke.com\/magazine\/wp-content\/uploads\/2023\/11\/\u30d7\u30ed\u30d5\u5199\u771f\u65b0-e1699667406778.jpg\" class=\"voice_icon__img\" width=\"150\" height=\"150\"><figcaption class=\"name\">\u30a4\u30b1\u30d9\u30c8\u30e2\u30d2\u30ed<\/figcaption><\/figure><div class=\"voicecomment\">\n<p>\u672c\u8b1b\u5ea7\u3092\u4f5c\u6210\u3057\u305f\u79c1\u81ea\u8eab\u3082\u3001\u6700\u521d\u306f\u3001\u30bf\u30a4\u30d4\u30f3\u30b0\u3059\u3089\u3067\u304d\u306a\u3044\u5927\u5b66\u751f\u3067\u3057\u305f\u304c\u3001<\/p>\n<p>4\u30f6\u6708\u3067\u6708\u53ce17\u4e07\u5186\u3092\u9054\u6210\u3057\u3001<\/p>\n<p>\u305d\u306e\u534a\u5e74\u5f8c\u306b\u306f\u6708\u53ce100\u4e07\u5186\u3092\u7a3c\u304e\u3001\u30d5\u30ea\u30fc\u30e9\u30f3\u30b9\u3068\u3057\u3066\u72ec\u7acb\u3059\u308b\u3053\u3068\u304c\u3067\u304d\u307e\u3057\u305f&#8230;\uff01<\/p>\n<\/div><\/div>\n<p><b><span style=\"color: #cc0000;\">\u672c\u8b1b\u5ea7\u306f\u3001\u3053\u308c\u307e\u3067\u5408\u8a084,000\u540d\u8d85\u306e\u65b9\u304c\u53d7\u8b1b<\/span><\/b>\u3057\u3066\u304a\u308a\u3001<\/p>\n<p>\u591a\u304f\u306e\u65b9\u304c\u3001<strong><span style=\"text-decoration: underline;\">\u5b8c\u5168\u672a\u7d4c\u9a13<\/span><\/strong>\u304b\u3089\u3001<\/p>\n<p><strong>\u300c3\u30f6\u6708\u3067\u67088\u4e07\u5186\u3092\u9054\u6210\uff01\u300d<\/strong><\/p>\n<p><strong>\u300c6\u30f6\u6708\u3067\u670830\u4e07\u5186\u9054\u6210\uff01\u300d<\/strong>\u306a\u3069\u3001<\/p>\n<p><strong><span style=\"text-decoration: underline;\">\u77ed\u3044\u671f\u9593\u3067\u3001\u9ad8\u5358\u4fa1\u30e9\u30a4\u30bf\u30fc<\/span><\/strong>\u306b\u306a\u3063\u3066\u3044\u307e\u3059\uff01<\/p>\n<p style=\"text-align: center;\"><strong><div class=\"wp-block-button btn-wrap aligncenter lightning big bg-yellow\"><\/strong><\/p>\n<p style=\"text-align: center;\"><strong>\uff3c3\u30f6\u6708\u3067\u67085\u4e07\u3092\u7a3c\u3050\uff0f<br \/>\n\u9ad8\u5358\u4fa1\u30e9\u30a4\u30bf\u30fc\u306b\u306a\u308b<br \/>\n<\/strong><strong><a href=\"https:\/\/liff.line.me\/1655216715-NBoEr7LJ\/landing?follow=%40kcs4330n&amp;lp=dgtOr2&amp;liff_id=1655216715-NBoEr7LJ\"class=\"wp-block-button__link\" >\u30e9\u30a4\u30bf\u30fc5\u65e5\u9593\u8b1b\u5ea7\u3092<br \/>\n\u4eca\u3059\u3050\u53d7\u8b1b\u3059\u308b<br \/>\n<span style=\"font-size: 10pt;\">\uff08LINE\u767b\u9332\u5f8c\u306b\u958b\u59cb\uff09<\/span><\/a><\/strong><\/p>\n<p style=\"text-align: center;\"><strong><span style=\"font-size: 10pt;\"><b><span style=\"color: #cc0000;\">\u203b\u7121\u6599\u3067LINE\u304b\u3089\u304a\u53d7\u3051\u53d6\u308a\u3067\u304d\u307e\u3059<\/span><\/b><\/span><br \/>\n<\/div><\/strong><\/p>\n<h2>\u6708\u53ce5\u4e07\u3092\u6700\u77ed\u3067\u7a3c\u3050\u300c\u7121\u6599\u30e9\u30a4\u30bf\u30fc5\u65e5\u9593\u8b1b\u5ea7\u300d\u306e\u5185\u8a33<\/h2>\n<p>\u6700\u5f8c\u306b\u3001\u8b1b\u5ea7\u306e\u4e2d\u8eab\u3092\u304a\u4f1d\u3048\u3057\u307e\u3059\u3002<\/p>\n<p><b><span style=\"color: #cc0000;\">\u7121\u6599\u3068\u306f\u3044\u3048\u3001100\u6642\u9593\u4ee5\u4e0a\u304b\u3051\u3066\u3001\u672c\u683c\u7684\u306b\u4f5c\u308a\u8fbc\u3093\u3060\u6709\u6599\u7d1a\u8b1b\u5ea7\u306e\u306f\u305a\u3067\u3059\u3002<\/span><\/b><\/p>\n<p><strong>\u4e88\u544a\u306a\u304f\u7d42\u4e86\u3059\u308b\u5834\u5408\u3082\u3042\u308a\u307e<\/strong>\u3059\u306e\u3067\u3001\u305c\u3072\u304a\u65e9\u3081\u306b\u53d7\u8b1b\u3057\u3066\u3001Web\u30e9\u30a4\u30bf\u30fc\u306b\u53d6\u308a\u7d44\u3093\u3067\u307f\u3066\u304f\u3060\u3055\u3044\uff01<\/p>\n<div class=\"cbox intitle is-style-black_box type_ttl\"><div class=\"box_title\"><span class=\"span__box_title\">Web\u30e9\u30a4\u30bf\u30fc5\u65e5\u9593\u8b1b\u5ea7\u306e\u5185\u5bb9<\/span><\/div><div class=\"cboxcomment\">\n<ul>\n<li><span style=\"font-size: 10pt;\">\u4f4e\u5358\u4fa1\u30e9\u30a4\u30bf\u30fc\u3068\u9ad8\u5358\u4fa1\u30e9\u30a4\u30bf\u30fc\u306e\u300c\u305f\u3063\u305f1\u3064\u306e\u6c7a\u5b9a\u7684\u306a\u9055\u3044\u300d\u304c\u308f\u304b\u308b<\/span><\/li>\n<li><span style=\"font-size: 10pt;\">\u6587\u7ae0\u30bb\u30f3\u30b9\u306f\u5fc5\u8981\u306a\u3044\u3053\u3068\u304c\u5206\u304b\u308a\u3001\u81ea\u5206\u3067\u3082\u7a3c\u3052\u308b\u30a4\u30e1\u30fc\u30b8\u304c\u3064\u304f<\/span><\/li>\n<li><span style=\"font-size: 10pt;\">\u4e0a\u4f4d10%\u306e\u30af\u30e9\u30a4\u30a2\u30f3\u30c8\u304c\u624b\u653e\u3055\u306a\u3044\u300c\u9ad8\u5358\u4fa1\u30e9\u30a4\u30bf\u30fc\u300d\u306b\u306a\u308c\u308b<\/span><\/li>\n<li><span style=\"font-size: 10pt;\">\u6708\u53ce5\u4e07\u5186\u3092\u7a3c\u3050\u307e\u3067\u306e\u5177\u4f53\u7684\u306a\u30a2\u30af\u30b7\u30e7\u30f3\u30d7\u30e9\u30f3\u3067\u300c\u3042\u3068\u306f\u884c\u52d5\u3059\u308b\u3060\u3051\u300d\u306b\u306a\u308b<\/span><\/li>\n<li><span style=\"font-size: 10pt;\">3\u30f6\u6708\u3067\u6708\u53ce5\u4e07\u5186\u3092\u9054\u6210\u3059\u308b\u305f\u3081\u306e\u30ed\u30fc\u30c9\u30de\u30c3\u30d7\u304c\u624b\u306b\u5165\u308b<\/span><\/li>\n<\/ul>\n<\/div><\/div>\n<p><strong><b><span style=\"color: #cc0000;\"><br \/>\n\u53d7\u8b1b\u65b9\u6cd5\u306f\u7c21\u5358\u3002<\/span><\/b><\/strong><\/p>\n<p><strong><b><span style=\"color: #cc0000;\">LINE\u767b\u9332\u3057\u3001\u30a2\u30f3\u30b1\u30fc\u30c8\u306b\u56de\u7b54\u3059\u308b<\/span><\/b><\/strong>\u3068\u3001<strong><span style=\"text-decoration: underline;\">\u8b1b\u5ea7\u304c\u958b\u59cb<\/span><\/strong>\u3057\u307e\u3059\u3002<\/p>\n<p><strong><div class=\"wp-block-button btn-wrap aligncenter lightning big bg-yellow\"><\/strong><\/p>\n<p style=\"text-align: center;\"><strong>\uff3c3\u30f6\u6708\u3067\u67085\u4e07\u3092\u7a3c\u3050\uff0f<br \/>\n\u9ad8\u5358\u4fa1\u30e9\u30a4\u30bf\u30fc\u306b\u306a\u308b<br \/>\n<\/strong><strong><a href=\"https:\/\/liff.line.me\/1655216715-NBoEr7LJ\/landing?follow=%40kcs4330n&amp;lp=dgtOr2&amp;liff_id=1655216715-NBoEr7LJ\"class=\"wp-block-button__link\" >\u30e9\u30a4\u30bf\u30fc5\u65e5\u9593\u8b1b\u5ea7\u3092<br \/>\n\u4eca\u3059\u3050\u53d7\u8b1b\u3059\u308b<br \/>\n<span style=\"font-size: 10pt;\">\uff08LINE\u767b\u9332\u5f8c\u306b\u958b\u59cb\uff09<\/span><\/a><\/strong><\/p>\n<p style=\"text-align: center;\"><strong><span style=\"font-size: 10pt;\"><b><span style=\"color: #cc0000;\">\u203b\u7121\u6599\u3067LINE\u304b\u3089\u304a\u53d7\u3051\u53d6\u308a\u3067\u304d\u307e\u3059<\/span><\/b><\/span><br \/>\n<\/div><\/strong><\/p>\n","protected":false},"excerpt":{"rendered":"<p>&#x26a0;&#xfe0f;\u9ad8\u5358\u4fa1Web\u30e9\u30a4\u30bf\u30fc\u3078\u306e\u9053\u304c\u308f\u304b\u308b \u7121\u6599\u8b1b\u5ea7\u304c\u3001\u4eca\u306a\u3089LINE\u767b\u9332\u3067\u201d\u7121\u6599\u201d\u306b\uff01 3\u30f6\u6708\u3067\u6708\u53ce5\u4e07\u5186\u304c\u76ee\u6307\u305b\u308b\uff01\u300c\u672c\u683c\u30e9\u30a4\u30bf\u30fc\u8b1b\u5ea7\u300d\u3092\u4f5c\u308a\u307e\u3057\u305f \u672c\u8b1b\u5ea7\u306f\u3001\u3053\u308c\u307e\u3067\u300c\u591a\u6570\u306e\u9ad8\u5358\u4fa1Web\u30e9\u30a4&#8230;<\/p>\n","protected":false},"author":2,"featured_media":1413,"parent":0,"menu_order":0,"comment_status":"closed","ping_status":"closed","template":"page-lp.php","meta":{"om_disable_all_campaigns":false,"footnotes":"","_wp_rev_ctl_limit":""},"tags":[],"class_list":["post-1410","page","type-page","status-publish","has-post-thumbnail","article"],"aioseo_notices":[],"jetpack_sharing_enabled":true,"_links":{"self":[{"href":"https:\/\/skimama.jp\/magazine\/wp-json\/wp\/v2\/pages\/1410","targetHints":{"allow":["GET"]}}],"collection":[{"href":"https:\/\/skimama.jp\/magazine\/wp-json\/wp\/v2\/pages"}],"about":[{"href":"https:\/\/skimama.jp\/magazine\/wp-json\/wp\/v2\/types\/page"}],"author":[{"embeddable":true,"href":"https:\/\/skimama.jp\/magazine\/wp-json\/wp\/v2\/users\/2"}],"replies":[{"embeddable":true,"href":"https:\/\/skimama.jp\/magazine\/wp-json\/wp\/v2\/comments?post=1410"}],"version-history":[{"count":4,"href":"https:\/\/skimama.jp\/magazine\/wp-json\/wp\/v2\/pages\/1410\/revisions"}],"predecessor-version":[{"id":1417,"href":"https:\/\/skimama.jp\/magazine\/wp-json\/wp\/v2\/pages\/1410\/revisions\/1417"}],"wp:featuredmedia":[{"embeddable":true,"href":"https:\/\/skimama.jp\/magazine\/wp-json\/wp\/v2\/media\/1413"}],"wp:attachment":[{"href":"https:\/\/skimama.jp\/magazine\/wp-json\/wp\/v2\/media?parent=1410"}],"wp:term":[{"taxonomy":"post_tag","embeddable":true,"href":"https:\/\/skimama.jp\/magazine\/wp-json\/wp\/v2\/tags?post=1410"}],"curies":[{"name":"wp","href":"https:\/\/api.w.org\/{rel}","templated":true}]}}