{"id":1422,"date":"2024-01-11T09:10:46","date_gmt":"2024-01-11T00:10:46","guid":{"rendered":"https:\/\/skimama.jp\/magazine\/?page_id=1422"},"modified":"2024-02-15T14:36:49","modified_gmt":"2024-02-15T05:36:49","slug":"koushiki-5days-course-sidework-insta","status":"publish","type":"page","link":"https:\/\/skimama.jp\/magazine\/koushiki-5days-course-sidework-insta\/","title":{"rendered":"\u30a4\u30f3\u30b9\u30bf5\u65e5\u9593\u8b1b\u5ea7"},"content":{"rendered":"<p style=\"text-align: center;\"><span style=\"font-size: 12pt; color: #333300;\"><strong><span style=\"text-decoration: underline;\"><span style=\"color: #ff9900; text-decoration: underline;\"><span style=\"color: #008000; text-decoration: underline;\">&#x26a0;&#xfe0f;\u30a4\u30f3\u30b9\u30bf\u306e\u53ce\u76ca\u5316\u304c\u7c21\u5358\u306b\u308f\u304b\u308b<br \/>\n<\/span><\/span><\/span><\/strong><\/span><span style=\"color: #008000;\"><span style=\"font-size: 12pt;\"><strong><span style=\"text-decoration: underline;\">\u7121\u6599\u8b1b\u5ea7\u304c\u3001\u4eca\u306a\u3089LINE\u767b\u9332\u3067<\/span><\/strong><\/span><span style=\"font-size: 14pt;\"><strong><span style=\"text-decoration: underline;\"><span style=\"font-size: 12pt;\"><b><span style=\"color: #cc0000;\">\u201d\u7121\u6599\u201d<\/span><\/b>\u306b\uff01<\/span><\/span><\/strong><\/span><\/span><\/p>\n<p><strong><img loading=\"lazy\" decoding=\"async\" class=\"alignnone size-full wp-image-10706\" src=\"https:\/\/growth-value.co.jp\/magazine\/wp-content\/uploads\/2022\/09\/Canva\u3066\u3099\u7de8\u96c6\u6e08\u306e\u753b\u50cf-600-\u00d7-400-px-600-\u00d7-296-px-600-\u00d7-250-px-17.png\" alt=\"5\u65e5\u9593\u8b1b\u5ea7_\u53d7\u3051\u53d6\u308a\u65b9\" width=\"1500\" height=\"625\" \/><\/strong><\/p>\n<p style=\"text-align: center;\"><div class=\"wp-block-button btn-wrap aligncenter lightning big bg-yellow\">\n<p style=\"text-align: center;\"><strong>\uff3c\u53d7\u8b1b\u80054,000\u540d\u8d85\uff0f<\/strong><strong><br \/>\n<\/strong><strong><a href=\"https:\/\/liff.line.me\/1655216715-NBoEr7LJ\/landing?follow=%40kcs4330n&amp;lp=s9URte&amp;liff_id=1655216715-NBoEr7LJ\"class=\"wp-block-button__link\" >\u300e\u30a4\u30f3\u30b9\u30bf\u53ce\u76ca\u5316\u8b1b\u5ea7\u300f\u3092<br \/>\n\u4eca\u3059\u3050\u7121\u6599\u3067\u53d7\u3051\u53d6\u308b<\/a><br \/>\n<span style=\"font-size: 10pt; color: #008000;\"><span style=\"color: #cc0000;\">\u203b\u7121\u6599\u3067 LINE\u304b\u3089\u304a\u53d7\u3051\u53d6\u308a\u3067\u304d\u307e\u3059<\/span><\/span><\/strong><\/p>\n<p style=\"text-align: center;\"><\/div>\n<h2><b>\u30a4\u30f3\u30b9\u30bf\u3067\u6708\u53ce5\u4e07\u5186\u304c\u6700\u77ed\u3067\u76ee\u6307\u305b\u308b\uff01\u300c\u672c\u683c\u8b1b\u5ea7\u300d\u3092\u4f5c\u308a\u307e\u3057\u305f<\/b><\/h2>\n<p>\u300c\u305f\u3063\u305f1,000\u30d5\u30a9\u30ed\u30ef\u30fc\u3067\u3082\u3001\u6708\u306b5\u4e07\u5186\u306e\u53ce\u5165\u304c\u5f97\u3089\u308c\u305f\uff01\u300d<\/p>\n<p>\u300c\u6cd5\u4eba\u304b\u3089\u670820\u4e07\u5186\u3067\u30a4\u30f3\u30b9\u30bf\u904b\u7528\u4ee3\u884c\u304c\u7372\u5f97\u3067\u304d\u305f\uff01\u300d<\/p>\n<p><span style=\"font-size: 11pt;\"><b><span style=\"font-size: 12pt;\"><br \/>\n\u672c\u8b1b\u5ea7\u306f\u3001\u3053\u308c\u307e\u3067\u300c\u30a4\u30f3\u30b9\u30bf\u6210\u529f\u8005\u300d\u3092\u591a\u6570\u8f29\u51fa\u3057\u3066\u304d\u305f\u3001<\/span><\/b><\/span><\/p>\n<p><span style=\"font-size: 11pt;\"><b><span style=\"font-size: 12pt;\">\u6708\u984d4,980\u5186\u3067\u5b66\u3079\u308b\uff01\u6708\u984d\u5236Web\u30de\u30fc\u30b1\u30c6\u30a3\u30f3\u30b0\u30b9\u30af\u30fc\u30eb\u300c<span style=\"color: #333300;\"><a style=\"color: #333300;\" href=\"https:\/\/with-marke.com\/sidework\/?cid=koushiki-5days-course-sidework-insta\">With\u30de\u30fc\u30b1<\/a><\/span>\u300d\u304c\u63d0\u4f9b\u3059\u308b\u3001<\/span><\/b><\/span><\/p>\n<p><span style=\"font-size: 11pt;\"><b><span style=\"font-size: 12pt;\">\u300c<span style=\"text-decoration: underline;\"><a href=\"https:\/\/liff.line.me\/1655216715-NBoEr7LJ\/landing?follow=%40kcs4330n&amp;lp=s9URte&amp;liff_id=1655216715-NBoEr7LJ\">\u7121\u6599\u3067\u5b66\u3079\u308b\u672c\u683c5\u65e5\u9593\u8b1b\u5ea7<\/a><\/span>\u300d\u3067\u3059\u3002<\/span><\/b><\/span><\/p>\n<div class=\"voice cf l\"><figure class=\"icon\"><img loading=\"lazy\" decoding=\"async\" src=\"https:\/\/with-marke.com\/magazine\/wp-content\/uploads\/2023\/11\/\u30d7\u30ed\u30d5\u5199\u771f\u65b0-e1699667406778.jpg\" class=\"voice_icon__img\" width=\"150\" height=\"150\"><figcaption class=\"name\">\u30a4\u30b1\u30d9\u30c8\u30e2\u30d2\u30ed<\/figcaption><\/figure><div class=\"voicecomment\">\n<p><span style=\"color: #333333;\"><b>\u4eca\u304b\u3089\u3001\u30a4\u30f3\u30b9\u30bf5\u65e5\u9593\u8b1b\u5ea7\u306e\u5185\u5bb9\u3092\u3001<\/b><\/span><\/p>\n<p><span style=\"color: #333333;\"><b><span style=\"text-decoration: underline;\">1\u5206\u3067\u7d39\u4ecb<\/span>\u3055\u305b\u3066\u3044\u305f\u3060\u304d\u307e\u3059\u306d\uff01<\/b><\/span><\/p>\n<\/div><\/div>\n<h2>\u306a\u305c\u300c\u30a4\u30f3\u30b9\u30bf\u53ce\u76ca\u5316\u8b1b\u5ea7\u300d\u3067\u306f\u3001\u8ab0\u3082\u304c\u6708\u53ce5\u4e07\u5186\u3092\u76ee\u6307\u305b\u308b\u306e\uff1f<\/h2>\n<p>\u4eca\u56de\u3054\u6848\u5185\u3057\u3066\u3044\u308b\u300e<strong>\u30a4\u30f3\u30b9\u30bf\u53ce\u76ca\u5316\u8b1b\u5ea7<\/strong>\u300f\u306f\u3001<b>\u3053\u308c\u307e\u30674,000\u540d\u4ee5\u4e0a\u306e\u65b9\u304c\u53d7\u8b1b\u3055\u308c\u3066\u304d\u307e\u3057\u305f\u3002<\/b><\/p>\n<p>\u53d7\u8b1b\u3055\u308c\u305f\u65b9\u306e9\u5272\u4ee5\u4e0a\u306e\u65b9\u304c\u672a\u7d4c\u9a13\u3067\u3059\u3002<\/p>\n<p>\u3057\u304b\u3057\u3001\u591a\u304f\u306e\u65b9\u304b\u3089<strong><span style=\"color: #cc0000;\">\u300c\u30a4\u30f3\u30b9\u30bf\u3067\u7a3c\u3052\u308b\u3088\u3046\u306b\u306a\u308a\u307e\u3057\u305f\uff01\u300d<\/span><\/strong>\u3068\u53cd\u97ff\u304c\u751f\u307e\u308c\u3066\u3044\u307e\u3059\u3002<\/p>\n<h3>\u300e\u672c\u8b1b\u5ea7\u300f\u306a\u3089\u30bb\u30f3\u30b9\u306f\u95a2\u4fc2\u306a\u3044\u3002\u518d\u73fe\u6027\u306b\u3053\u3060\u308f\u3063\u3066\u3044\u307e\u3059\u3002<\/h3>\n<p>\u4eca\u56de\u3054\u63d0\u4f9b\u3059\u308b5\u65e5\u9593\u8b1b\u5ea7\u306f\u3001<strong><span style=\"font-size: 1.1em;\"><span style=\"background-color: #ede8e8; padding: 3px;\">\u30bb\u30f3\u30b9\u306b\u983c\u3063\u305f\u65b9\u6cd5\u3067\u306f\u3042\u308a\u307e\u305b\u3093\u3002<\/span><\/span><\/strong><\/p>\n<p>\u30d7\u30ed\u7d1a\u306e\u5199\u771f\u3084\u3001\u30e2\u30c7\u30eb\u306e\u3088\u3046\u306a\u30eb\u30c3\u30af\u30b9\u3001\u77e5\u540d\u5ea6\u3082\u4e0d\u8981\u3067\u3059\u3002<\/p>\n<p>\u5168\u304f\u306e\u30bc\u30ed\u304b\u3089\u30a4\u30f3\u30b9\u30bf\u526f\u696d\u3092\u59cb\u3081\u3001<strong><span style=\"color: #cc0000;\">\u300c\u8ab0\u304c\u4f55\u5ea6\u3084\u3063\u3066\u3082\u53ce\u76ca\u5316\u3067\u304d\u305f\u7d4c\u9a13\u300d\u3092\u3082\u3068\u306b\u4f5c\u3089\u308c\u3066\u3044\u307e\u3059\u3002<\/span><\/strong><\/p>\n<p>\u3064\u307e\u308a\u3001<span style=\"text-decoration: underline;\"><strong>\u518d\u73fe\u6027<\/strong><\/span>\u306b\u3053\u3060\u308f\u3063\u3066\u3044\u307e\u3059\u3002<\/p>\n<p>\u30a4\u30f3\u30b9\u30bf\u306e\u30b8\u30e3\u30f3\u30eb\u9078\u5b9a\u3001\u30a2\u30ab\u30a6\u30f3\u30c8\u8a2d\u8a08\u306a\u3069\u3001<span style=\"text-decoration: underline;\"><strong>\u7a3c\u3050\u305f\u3081\u306b\u3084\u308b\u3079\u304d\u3053\u3068<\/strong><\/span>\u3092\u660e\u78ba\u306b\u304a\u4f1d\u3048\u3059\u308b\u306e\u3067\u3001<\/p>\n<p>\u30bb\u30f3\u30b9\u306f\u95a2\u4fc2\u306a\u304f\u53ce\u76ca\u5316\u306b\u5411\u304b\u3063\u3066\u3044\u304f\u3053\u3068\u304c\u53ef\u80fd\u3067\u3059\u3002<\/p>\n<h3>\u5c11\u306a\u3044\u6295\u7a3f\u6570\u3084\u30d5\u30a9\u30ed\u30ef\u30fc\u6570\u3067\u3082\u7a3c\u3052\u308b\uff01\u3060\u304b\u3089\u632b\u6298\u3057\u306a\u3044\uff01<\/h3>\n<p>\u307e\u305f\u3001\u4eca\u56de\u306e\u8b1b\u5ea7\u3067\u304a\u4f1d\u3048\u3059\u308b\u5185\u5bb9\u306f\u3001<\/p>\n<p><b><span style=\"color: #cc0000;\">\u3067\u304d\u308b\u3060\u3051\u5c11\u306a\u3044\u52b4\u529b\u3067\u3001\u5927\u304d\u306a\u6210\u679c\u3092\u51fa\u305b\u308b\u3088\u3046\u306a\u3001\u30a4\u30f3\u30b9\u30bf\u53ce\u76ca\u5316\u30ce\u30a6\u30cf\u30a6\u3067\u3059\u3002<\/span><\/b><\/p>\n<p>\u3088\u304f\u3001\u521d\u5fc3\u8005\u306e\u65b9\u304b\u3089\u306f\u3001\u3053\u306e\u3088\u3046\u306a\u8cea\u554f\u3092\u3044\u305f\u3060\u304d\u307e\u3059\u3002<\/p>\n<p><strong>\u300c\u6bce\u65e5\u6295\u7a3f\u3092\u3057\u306a\u3044\u3068\u3001\u30a4\u30f3\u30b9\u30bf\u3067\u306f\u7a3c\u3052\u307e\u305b\u3093\u3088\u306d\uff1f\u300d<\/strong><\/p>\n<p><strong>\u300c\u7a3c\u3050\u305f\u3081\u306b\u306f1\u4e07\u4eba\u4ee5\u4e0a\u306e\u30d5\u30a9\u30ed\u30ef\u30fc\u304c\u5fc5\u8981\u3068\u805e\u3044\u305f\u306e\u3067\u3059\u304c\u3001\u79c1\u306b\u3082\u3067\u304d\u308b\u306e\u3067\u3057\u3087\u3046\u304b&#8230;\uff1f\u300d<\/strong><\/p>\n<p><b><span style=\"color: #cc0000;\">\u7d50\u8ad6\u3001\u6bce\u65e5\u6295\u7a3f\u3082\u3001\u591a\u304f\u306e\u30d5\u30a9\u30ed\u30ef\u30fc\u6570\u3082\u4e0d\u8981\u3067\u3059\u3002<\/span><\/b><\/p>\n<p>\u3064\u307e\u308a\u3001<\/p>\n<p><strong><span style=\"background-color: #ede8e8; padding: 3px;\"><span style=\"font-size: 1.1em;\">\u300c\u9031\u306b1\u301c2\u6295\u7a3f\u3067\u3082\u3001\u6226\u7565\u304c\u3042\u308c\u3070\u3001\u52b9\u7387\u3088\u304f\u7a3c\u3044\u3067\u3044\u3051\u308b\u3002\u300d<\/span><\/span><\/strong><\/p>\n<p><strong><span style=\"background-color: #ede8e8; padding: 3px;\"><span style=\"font-size: 1.1em;\">\u300c\u5927\u91cf\u306e\u30d5\u30a9\u30ed\u30ef\u30fc\u6570\u306f\u4e0d\u8981\u3002500\u301c1,000\u30d5\u30a1\u30ed\u30ef\u30fc\u3067\u3082\u67085\u4e07\u5186\u304c\u76ee\u6307\u305b\u308b\u3002\u300d<\/span><\/span><\/strong><\/p>\n<p><strong><span style=\"padding: 3px;\"><span style=\"font-size: 1.1em;\">\u3068\u8003\u3048\u3066\u3044\u307e\u3059\u3002<\/span><\/span><\/strong><\/p>\n<p>\u3080\u3057\u308d\u3001<\/p>\n<p><span style=\"color: #333333;\"><strong>\u300c\u5c11\u306a\u3044\u6295\u7a3f\u6570\u300d\u300c\u5c11\u306a\u3044\u30d5\u30a9\u30ed\u30ef\u30fc\u6570\u300d\u3067\u306e\u53ce\u76ca\u5316\u3092\u76ee\u6307\u3057\u305f\u65b9\u304c\u3001\u201d\u52b9\u7387\u3088\u304f\u6700\u77ed\u3067\u53ce\u76ca\u5316\u201d\u304c\u3067\u304d\u307e\u3059\u3057\u3001<\/strong><\/span><\/p>\n<p><span style=\"color: #333333;\">\u521d\u5fc3\u8005\u306e\u65b9\u306f\u53d6\u308a\u7d44\u307f\u3084\u3059\u3044\u3093\u3067\u3059\u306d\u3002<\/span><\/p>\n<div class=\"voice cf l\"><figure class=\"icon\"><img loading=\"lazy\" decoding=\"async\" src=\"https:\/\/with-marke.com\/magazine\/wp-content\/uploads\/2023\/11\/\u30d7\u30ed\u30d5\u5199\u771f\u65b0-e1699667406778.jpg\" class=\"voice_icon__img\" width=\"150\" height=\"150\"><figcaption class=\"name\">\u30a4\u30b1\u30d9\u30c8\u30e2\u30d2\u30ed<\/figcaption><\/figure><div class=\"voicecomment\">\n<p>\u3053\u308c\u307e\u3067\u3082\u3001\u672c\u8b1b\u5ea7\u3092\u53d7\u3051\u305f\u304b\u3089\u306f\u3001<\/p>\n<p><strong>\u300c\u305f\u3063\u305f4\u30f6\u6708\u30011,000\u30d5\u30a9\u30ed\u30ef\u30fc\u3067\u3082\u3001\u6708\u53ce\u304c5\u4e07\u5186\u3092\u8d85\u3048\u307e\u3057\u305f\u301c\uff01<\/strong><strong>\u300d<\/strong><\/p>\n<p>\u306a\u3069\u3001\u5b09\u3057\u3044\u58f0\u3092\u305f\u304f\u3055\u3093\u3044\u305f\u3060\u3044\u3066\u3044\u307e\u3059\u3002<\/p>\n<\/div><\/div>\n<p style=\"text-align: center;\"><div class=\"wp-block-button btn-wrap aligncenter lightning big bg-yellow\">\n<p style=\"text-align: center;\"><strong>\uff3c\u6700\u77ed\u3067\u6708\u53ce5\u4e07\u3092\u9054\u6210\u3059\u308b\uff0f<\/strong><strong><br \/>\n<\/strong><strong><a href=\"https:\/\/liff.line.me\/1655216715-NBoEr7LJ\/landing?follow=%40kcs4330n&amp;lp=s9URte&amp;liff_id=1655216715-NBoEr7LJ\"class=\"wp-block-button__link\" >\u300e\u30a4\u30f3\u30b9\u30bf\u53ce\u76ca\u5316\u8b1b\u5ea7\u300f\u3092<br \/>\n\u4eca\u3059\u3050\u53d7\u8b1b\u3059\u308b<span style=\"font-size: 10pt;\">\uff08\u7c21\u53585\u79d2\uff09<\/span><\/a><br \/>\n<span style=\"font-size: 10pt; color: #008000;\"><span style=\"color: #cc0000;\">\u203b\u7121\u6599\u3067 LINE\u304b\u3089\u304a\u53d7\u3051\u53d6\u308a\u3067\u304d\u307e\u3059<\/span><\/span><\/strong><\/p>\n<p style=\"text-align: center;\"><\/div>\n<h2>Instagram\u53ce\u76ca\u5316\u8b1b\u5ea7\u3067\u6708\u53ce5\u4e07\u5186\u4ee5\u4e0a\u306f\u76ee\u6307\u305b\u306a\u3044\u306e\uff1f<\/h2>\n<p>\u307e\u305f\u3001\u4eca\u56de\u306e\u8b1b\u5ea7\u306f\u3001<strong><span style=\"background-color: #ede8e8; padding: 3px;\"><span style=\"font-size: 1.1em;\">\u6708\u53ce5\u4e07\u5186\u3092\u9054\u6210\u3057\u3066\u7d42\u308f\u308a\u3068\u3044\u3046\u8b1b\u5ea7\u3067\u306f\u3042\u308a\u307e\u305b\u3093\u3002<\/span><\/span><\/strong><\/p>\n<p>\u307e\u305a\u306f\u3001\u7121\u6599\u8b1b\u5ea7\u306e\u4e2d\u3067\u306f\u3001\u6708\u53ce5\u4e07\u5186\u3092\u76ee\u6307\u3057\u3001\u7a3c\u3050\u904e\u7a0b\u3067\u3001\u30a4\u30f3\u30b9\u30bf\u904b\u7528\u306e\u30b3\u30c4\u3092\u3064\u304b\u3093\u3067\u3082\u3089\u3044\u307e\u3059\u3002<\/p>\n<p>\u305d\u3057\u3066\u3001\u660e\u78ba\u306b\u30a4\u30f3\u30b9\u30bf\u3067\u53ce\u76ca\u5316\u3059\u308b\u30b3\u30c4\u3092\u63b4\u3093\u3060\u3042\u3068\u306f\u3001<strong><span style=\"background-color: #ede8e8; padding: 3px;\"><span style=\"font-size: 1.1em;\">\u540c\u3058\u3053\u3068\u306e\u7e70\u308a\u8fd4\u3057<\/span><\/span><\/strong>\u3067\u53ce\u76ca\u3092\u4f38\u3070\u305b\u307e\u3059\u3002<\/p>\n<p><strong>\u6708\u53ce5\u4e07\u5186\u306e\u6b21\u306f\u3001\u540c\u3058\u3053\u3068\u306e\u7e70\u308a\u8fd4\u3057\u3067\u6708\u53ce10\u4e07\u5186\u3082\u76ee\u6307\u305b\u307e\u3059\u3057\u3001<\/strong><\/p>\n<p><strong>\u6708\u53ce30\u4e07\u2192\u6708\u53ce100\u4e07\u3068\u76ee\u6307\u3059\u3053\u3068\u304c\u53ef\u80fd\u3067\u3059\u3002<\/strong><\/p>\n<p>\u307e\u305f\u3001\u30a4\u30f3\u30b9\u30bf\u3067\u67085\u4e07\u5186\u307b\u3069\u7a3c\u3050\u30b9\u30ad\u30eb\u304c\u3042\u308c\u3070\u3001<\/p>\n<p><b><span style=\"color: #cc0000;\">\u6cd5\u4eba\u30a4\u30f3\u30b9\u30bf\u30a2\u30ab\u30a6\u30f3\u30c8\u306e\u904b\u7528\u4ee3\u884c\u6848\u4ef6\u3092\u670810\u301c25\u4e07\u5186\u307b\u3069\u3067\u53d7\u3051\u308b\u3053\u3068\u3082\u53ef\u80fd\u3067\u3059\u3002<\/span><\/b><\/p>\n<div class=\"voice cf l\"><figure class=\"icon\"><img loading=\"lazy\" decoding=\"async\" src=\"https:\/\/with-marke.com\/magazine\/wp-content\/uploads\/2023\/11\/\u30d7\u30ed\u30d5\u5199\u771f\u65b0-e1699667406778.jpg\" class=\"voice_icon__img\" width=\"150\" height=\"150\"><figcaption class=\"name\">\u30a4\u30b1\u30d9\u30c8\u30e2\u30d2\u30ed<\/figcaption><\/figure><div class=\"voicecomment\">\n<p>\u307e\u305a\u3001\u67085\u4e07\u5186\u7a3c\u3052\u308b\u3088\u3046\u306b\u306a\u308b\u3068\u3001\u4e00\u6c17\u306b\u9078\u629e\u80a2\u304c\u5e83\u304c\u308b\u3093\u3067\u3059\uff01<\/p>\n<\/div><\/div>\n<h2>\u6708\u53ce5\u4e07\u3092\u6700\u77ed\u3067\u7a3c\u3050\u300c\u7121\u6599\u30a4\u30f3\u30b9\u30bf5\u65e5\u9593\u8b1b\u5ea7\u300d\u306e\u5185\u8a33<\/h2>\n<p>\u6700\u5f8c\u306b\u3001\u8b1b\u5ea7\u306e\u4e2d\u8eab\u3092\u304a\u4f1d\u3048\u3057\u307e\u3059\u3002<\/p>\n<p>\u4e88\u544a\u306a\u304f\u7d42\u4e86\u3059\u308b\u5834\u5408\u3082\u3042\u308a\u307e\u3059\u306e\u3067\u3001\u305c\u3072\u304a\u65e9\u3081\u306b\u53d7\u8b1b\u3057\u3066\u3001\u30a4\u30f3\u30b9\u30bf\u306b\u53d6\u308a\u7d44\u3093\u3067\u307f\u3066\u304f\u3060\u3055\u3044\uff01<\/p>\n<div class=\"cbox intitle is-style-black_box type_ttl\"><div class=\"box_title\"><span class=\"span__box_title\">\u30a4\u30f3\u30b9\u30bf\u53ce\u76ca\u5316\u8b1b\u5ea7\u3092\u53d7\u8b1b\u3059\u308b\u3068 <\/span><\/div><div class=\"cboxcomment\">\n<ul>\n<li style=\"font-weight: 400;\" aria-level=\"1\"><b>\u30d5\u30a9\u30ed\u30ef\u30fc0\u4eba\u21921,000\u4eba\u9054\u6210\u3067\u3084\u308b\u3079\u304d\u3053\u3068\u304c\u660e\u78ba\u306b\u306a\u308b<\/b><\/li>\n<li aria-level=\"1\"><strong>\u81ea\u5206\u306b\u30d4\u30c3\u30bf\u30ea\u306e\u201d\u7a3c\u3052\u308b\u201d\u767a\u4fe1\u30b8\u30e3\u30f3\u30eb\u304c\u9078\u3079\u308b<\/strong><\/li>\n<li aria-level=\"1\"><strong>\u6295\u7a3f\u306e\u30b3\u30f3\u30bb\u30d7\u30c8\u304c\u660e\u78ba\u306b\u306a\u308b<\/strong><\/li>\n<li aria-level=\"1\"><strong>\u30a4\u30f3\u30b9\u30bf\u3067\u304a\u91d1\u3092\u7a3c\u30505\u3064\u306e\u65b9\u6cd5\u3092\u77e5\u308c\u308b<\/strong><\/li>\n<li aria-level=\"1\"><strong>\u5c11\u306a\u3044\u30d5\u30a9\u30ed\u30ef\u30fc\u6570\u3067\u3082\u3001\u6708\u53ce5\u4e07\u5186\u3092\u52b9\u7387\u7684\u306b\u7a3c\u3052\u308b\u3088\u3046\u306b\u306a\u308b<\/strong><\/li>\n<li><span style=\"text-decoration: underline;\"><strong>\u2606\u300c\u81ea\u5206\u306b\u5408\u3063\u305f\u767a\u4fe1\u5185\u5bb9\u300d\u300c\u81ea\u5206\u306b\u5408\u3063\u305f\u5546\u54c1\u300d\u3092\u76f4\u63a5\u30d7\u30ed\u306b\u76f8\u8ac7\u653e\u984c\uff01\u00a0<\/strong><\/span><\/li>\n<\/ul>\n<\/div><\/div>\n<p><strong><b><span style=\"color: #cc0000;\"><br \/>\n\u53d7\u8b1b\u65b9\u6cd5\u306f\u7c21\u5358\u3002<\/span><\/b><\/strong><\/p>\n<p><strong><b><span style=\"color: #cc0000;\">LINE\u767b\u9332\u3057\u3001\u30a2\u30f3\u30b1\u30fc\u30c8\u306b\u56de\u7b54\u3059\u308b<\/span><\/b><\/strong>\u3068\u3001<strong><span style=\"text-decoration: underline;\">\u8b1b\u5ea7\u304c\u958b\u59cb<\/span><\/strong>\u3057\u307e\u3059\u3002<\/p>\n<p style=\"text-align: center;\"><div class=\"wp-block-button btn-wrap aligncenter lightning big bg-yellow\">\n<p style=\"text-align: center;\"><strong>\uff3c\u6700\u77ed\u3067\u6708\u53ce5\u4e07\u3092\u9054\u6210\u3059\u308b\uff0f<\/strong><strong><br \/>\n<\/strong><strong><a href=\"https:\/\/liff.line.me\/1655216715-NBoEr7LJ\/landing?follow=%40kcs4330n&amp;lp=s9URte&amp;liff_id=1655216715-NBoEr7LJ\"class=\"wp-block-button__link\" >\u300e\u30a4\u30f3\u30b9\u30bf\u53ce\u76ca\u5316\u8b1b\u5ea7\u300f\u3092<br \/>\n\u4eca\u3059\u3050\u53d7\u8b1b\u3059\u308b<span style=\"font-size: 10pt;\">\uff08\u7c21\u53585\u79d2\uff09<\/span><\/a><br \/>\n<span style=\"font-size: 10pt; color: #008000;\"><span style=\"color: #cc0000;\">\u203b\u7121\u6599\u3067 LINE\u304b\u3089\u304a\u53d7\u3051\u53d6\u308a\u3067\u304d\u307e\u3059<\/span><\/span><\/strong><\/p>\n<p style=\"text-align: center;\"><\/div>\n","protected":false},"excerpt":{"rendered":"<p>&#x26a0;&#xfe0f;\u30a4\u30f3\u30b9\u30bf\u306e\u53ce\u76ca\u5316\u304c\u7c21\u5358\u306b\u308f\u304b\u308b \u7121\u6599\u8b1b\u5ea7\u304c\u3001\u4eca\u306a\u3089LINE\u767b\u9332\u3067\u201d\u7121\u6599\u201d\u306b\uff01 \u30a4\u30f3\u30b9\u30bf\u3067\u6708\u53ce5\u4e07\u5186\u304c\u6700\u77ed\u3067\u76ee\u6307\u305b\u308b\uff01\u300c\u672c\u683c\u8b1b\u5ea7\u300d\u3092\u4f5c\u308a\u307e\u3057\u305f \u300c\u305f\u3063\u305f1,000\u30d5\u30a9\u30ed\u30ef\u30fc\u3067\u3082\u3001\u6708\u306b5\u4e07\u5186\u306e&#8230;<\/p>\n","protected":false},"author":2,"featured_media":1423,"parent":0,"menu_order":0,"comment_status":"closed","ping_status":"closed","template":"page-lp.php","meta":{"om_disable_all_campaigns":false,"footnotes":"","_wp_rev_ctl_limit":""},"tags":[],"class_list":["post-1422","page","type-page","status-publish","has-post-thumbnail","article"],"aioseo_notices":[],"jetpack_sharing_enabled":true,"_links":{"self":[{"href":"https:\/\/skimama.jp\/magazine\/wp-json\/wp\/v2\/pages\/1422","targetHints":{"allow":["GET"]}}],"collection":[{"href":"https:\/\/skimama.jp\/magazine\/wp-json\/wp\/v2\/pages"}],"about":[{"href":"https:\/\/skimama.jp\/magazine\/wp-json\/wp\/v2\/types\/page"}],"author":[{"embeddable":true,"href":"https:\/\/skimama.jp\/magazine\/wp-json\/wp\/v2\/users\/2"}],"replies":[{"embeddable":true,"href":"https:\/\/skimama.jp\/magazine\/wp-json\/wp\/v2\/comments?post=1422"}],"version-history":[{"count":4,"href":"https:\/\/skimama.jp\/magazine\/wp-json\/wp\/v2\/pages\/1422\/revisions"}],"predecessor-version":[{"id":1427,"href":"https:\/\/skimama.jp\/magazine\/wp-json\/wp\/v2\/pages\/1422\/revisions\/1427"}],"wp:featuredmedia":[{"embeddable":true,"href":"https:\/\/skimama.jp\/magazine\/wp-json\/wp\/v2\/media\/1423"}],"wp:attachment":[{"href":"https:\/\/skimama.jp\/magazine\/wp-json\/wp\/v2\/media?parent=1422"}],"wp:term":[{"taxonomy":"post_tag","embeddable":true,"href":"https:\/\/skimama.jp\/magazine\/wp-json\/wp\/v2\/tags?post=1422"}],"curies":[{"name":"wp","href":"https:\/\/api.w.org\/{rel}","templated":true}]}}